{"id":524,"date":"2022-12-19T17:24:23","date_gmt":"2022-12-19T17:24:23","guid":{"rendered":"https:\/\/matriztica.cl\/sabermas\/?page_id=524"},"modified":"2023-03-01T13:21:41","modified_gmt":"2023-03-01T13:21:41","slug":"liderazgo-co-inspirativo","status":"publish","type":"page","link":"https:\/\/matriztica.cl\/sabermas\/liderazgo-co-inspirativo\/","title":{"rendered":"Liderazgo Co-Inspirativo"},"content":{"rendered":"\t\t<div data-elementor-type=\"wp-page\" data-elementor-id=\"524\" class=\"elementor elementor-524\">\n\t\t\t\t\t\t\t\t\t<section class=\"elementor-section elementor-top-section elementor-element elementor-element-510b3207 elementor-section-height-min-height elementor-section-boxed elementor-section-height-default elementor-section-items-middle\" data-id=\"510b3207\" data-element_type=\"section\" data-settings=\"{&quot;background_background&quot;:&quot;classic&quot;}\">\n\t\t\t\t\t\t\t<div class=\"elementor-background-overlay\"><\/div>\n\t\t\t\t\t\t\t<div class=\"elementor-container elementor-column-gap-no\">\n\t\t\t\t\t<div class=\"elementor-column elementor-col-50 elementor-top-column elementor-element elementor-element-cee4d8a\" data-id=\"cee4d8a\" data-element_type=\"column\">\n\t\t\t<div class=\"elementor-widget-wrap elementor-element-populated\">\n\t\t\t\t\t\t\t\t<section class=\"elementor-section elementor-inner-section elementor-element elementor-element-6d3402b4 elementor-section-boxed elementor-section-height-default elementor-section-height-default\" data-id=\"6d3402b4\" data-element_type=\"section\">\n\t\t\t\t\t\t<div class=\"elementor-container elementor-column-gap-default\">\n\t\t\t\t\t<div class=\"elementor-column elementor-col-50 elementor-inner-column elementor-element elementor-element-4de2f274\" data-id=\"4de2f274\" data-element_type=\"column\">\n\t\t\t<div class=\"elementor-widget-wrap\">\n\t\t\t\t\t\t\t\t\t<\/div>\n\t\t<\/div>\n\t\t\t\t<div class=\"elementor-column elementor-col-50 elementor-inner-column elementor-element elementor-element-219d5b2c\" data-id=\"219d5b2c\" data-element_type=\"column\">\n\t\t\t<div class=\"elementor-widget-wrap elementor-element-populated\">\n\t\t\t\t\t\t\t\t<div class=\"elementor-element elementor-element-d48e279 elementor-icon-list--layout-traditional elementor-list-item-link-full_width elementor-widget elementor-widget-icon-list\" data-id=\"d48e279\" data-element_type=\"widget\" data-widget_type=\"icon-list.default\">\n\t\t\t\t<div class=\"elementor-widget-container\">\n\t\t\t<link rel=\"stylesheet\" href=\"https:\/\/matriztica.cl\/sabermas\/wp-content\/plugins\/elementor\/assets\/css\/widget-icon-list.min.css\">\t\t<ul class=\"elementor-icon-list-items\">\n\t\t\t\t\t\t\t<li class=\"elementor-icon-list-item\">\n\t\t\t\t\t\t\t\t\t\t\t<span class=\"elementor-icon-list-icon\">\n\t\t\t\t\t\t\t<i aria-hidden=\"true\" class=\"fas fa-minus\"><\/i>\t\t\t\t\t\t<\/span>\n\t\t\t\t\t\t\t\t\t\t<span class=\"elementor-icon-list-text\">Liderazgo Co-inspirativo<\/span>\n\t\t\t\t\t\t\t\t\t<\/li>\n\t\t\t\t\t\t<\/ul>\n\t\t\t\t<\/div>\n\t\t\t\t<\/div>\n\t\t\t\t\t<\/div>\n\t\t<\/div>\n\t\t\t\t\t\t\t<\/div>\n\t\t<\/section>\n\t\t\t\t\t<\/div>\n\t\t<\/div>\n\t\t\t\t<div class=\"elementor-column elementor-col-50 elementor-top-column elementor-element elementor-element-4d8bb74a\" data-id=\"4d8bb74a\" data-element_type=\"column\">\n\t\t\t<div class=\"elementor-widget-wrap\">\n\t\t\t\t\t\t\t\t\t<\/div>\n\t\t<\/div>\n\t\t\t\t\t\t\t<\/div>\n\t\t<\/section>\n\t\t\t\t<section class=\"elementor-section elementor-top-section elementor-element elementor-element-2eaeb75d elementor-section-boxed elementor-section-height-default elementor-section-height-default\" data-id=\"2eaeb75d\" data-element_type=\"section\" data-settings=\"{&quot;background_background&quot;:&quot;classic&quot;}\">\n\t\t\t\t\t\t<div class=\"elementor-container elementor-column-gap-default\">\n\t\t\t\t\t<div class=\"elementor-column elementor-col-50 elementor-top-column elementor-element elementor-element-e0aa6f0\" data-id=\"e0aa6f0\" data-element_type=\"column\">\n\t\t\t<div class=\"elementor-widget-wrap elementor-element-populated\">\n\t\t\t\t\t\t\t\t<section class=\"elementor-section elementor-inner-section elementor-element elementor-element-1869d999 elementor-section-content-middle elementor-section-boxed elementor-section-height-default elementor-section-height-default\" data-id=\"1869d999\" data-element_type=\"section\">\n\t\t\t\t\t\t<div class=\"elementor-container elementor-column-gap-default\">\n\t\t\t\t\t<div class=\"elementor-column elementor-col-100 elementor-inner-column elementor-element elementor-element-4fcb0502\" data-id=\"4fcb0502\" data-element_type=\"column\">\n\t\t\t<div class=\"elementor-widget-wrap elementor-element-populated\">\n\t\t\t\t\t\t\t\t<div class=\"elementor-element elementor-element-1efcbd67 elementor--star-style-star_fontawesome elementor-widget elementor-widget-star-rating\" data-id=\"1efcbd67\" data-element_type=\"widget\" data-widget_type=\"star-rating.default\">\n\t\t\t\t<div class=\"elementor-widget-container\">\n\t\t\t<style>\/*! elementor - v3.14.0 - 26-06-2023 *\/\n@charset \"UTF-8\";.elementor-star-rating{color:#ccd6df;font-family:eicons;display:inline-block}.elementor-star-rating i{display:inline-block;position:relative;font-style:normal;cursor:default}.elementor-star-rating i:before{content:\"\\e934\";display:block;font-size:inherit;font-family:inherit;position:absolute;overflow:hidden;color:#f0ad4e;top:0;left:0}.elementor-star-rating .elementor-star-empty:before{content:none}.elementor-star-rating .elementor-star-1:before{width:10%}.elementor-star-rating .elementor-star-2:before{width:20%}.elementor-star-rating .elementor-star-3:before{width:30%}.elementor-star-rating .elementor-star-4:before{width:40%}.elementor-star-rating .elementor-star-5:before{width:50%}.elementor-star-rating .elementor-star-6:before{width:60%}.elementor-star-rating .elementor-star-7:before{width:70%}.elementor-star-rating .elementor-star-8:before{width:80%}.elementor-star-rating .elementor-star-9:before{width:90%}.elementor-star-rating__wrapper{display:flex;align-items:center}.elementor-star-rating__title{margin-right:10px}.elementor-star-rating--align-right .elementor-star-rating__wrapper{text-align:right;justify-content:flex-end}.elementor-star-rating--align-left .elementor-star-rating__wrapper{text-align:left;justify-content:flex-start}.elementor-star-rating--align-center .elementor-star-rating__wrapper{text-align:center;justify-content:center}.elementor-star-rating--align-justify .elementor-star-rating__title{margin-right:auto}@media (max-width:1024px){.elementor-star-rating-tablet--align-right .elementor-star-rating__wrapper{text-align:right;justify-content:flex-end}.elementor-star-rating-tablet--align-left .elementor-star-rating__wrapper{text-align:left;justify-content:flex-start}.elementor-star-rating-tablet--align-center .elementor-star-rating__wrapper{text-align:center;justify-content:center}.elementor-star-rating-tablet--align-justify .elementor-star-rating__title{margin-right:auto}}@media (max-width:767px){.elementor-star-rating-mobile--align-right .elementor-star-rating__wrapper{text-align:right;justify-content:flex-end}.elementor-star-rating-mobile--align-left .elementor-star-rating__wrapper{text-align:left;justify-content:flex-start}.elementor-star-rating-mobile--align-center .elementor-star-rating__wrapper{text-align:center;justify-content:center}.elementor-star-rating-mobile--align-justify .elementor-star-rating__title{margin-right:auto}}.last-star{letter-spacing:0}.elementor--star-style-star_unicode .elementor-star-rating{font-family:Arial,Helvetica,sans-serif}.elementor--star-style-star_unicode .elementor-star-rating i:not(.elementor-star-empty):before{content:\"\u2605\"}<\/style>\n\t\t<div class=\"elementor-star-rating__wrapper\">\n\t\t\t\t\t\t<div class=\"elementor-star-rating\" title=\"5\/5\" itemtype=\"http:\/\/schema.org\/Rating\" itemscope=\"\" itemprop=\"reviewRating\"><i class=\"elementor-star-full\">&#xE934;<\/i><i class=\"elementor-star-full\">&#xE934;<\/i><i class=\"elementor-star-full\">&#xE934;<\/i><i class=\"elementor-star-full\">&#xE934;<\/i><i class=\"elementor-star-full\">&#xE934;<\/i> <span itemprop=\"ratingValue\" class=\"elementor-screen-only\">5\/5<\/span><\/div>\t\t<\/div>\n\t\t\t\t<\/div>\n\t\t\t\t<\/div>\n\t\t\t\t<div class=\"elementor-element elementor-element-4fec3279 elementor-widget elementor-widget-heading\" data-id=\"4fec3279\" data-element_type=\"widget\" data-widget_type=\"heading.default\">\n\t\t\t\t<div class=\"elementor-widget-container\">\n\t\t\t<style>\/*! elementor - v3.14.0 - 26-06-2023 *\/\n.elementor-heading-title{padding:0;margin:0;line-height:1}.elementor-widget-heading .elementor-heading-title[class*=elementor-size-]>a{color:inherit;font-size:inherit;line-height:inherit}.elementor-widget-heading .elementor-heading-title.elementor-size-small{font-size:15px}.elementor-widget-heading .elementor-heading-title.elementor-size-medium{font-size:19px}.elementor-widget-heading .elementor-heading-title.elementor-size-large{font-size:29px}.elementor-widget-heading .elementor-heading-title.elementor-size-xl{font-size:39px}.elementor-widget-heading .elementor-heading-title.elementor-size-xxl{font-size:59px}<\/style><h2 class=\"elementor-heading-title elementor-size-default\">Liderazgo Co-Inspirativo<\/h2>\t\t<\/div>\n\t\t\t\t<\/div>\n\t\t\t\t\t<\/div>\n\t\t<\/div>\n\t\t\t\t\t\t\t<\/div>\n\t\t<\/section>\n\t\t\t\t<section class=\"elementor-section elementor-inner-section elementor-element elementor-element-19ca0e4 elementor-section-content-middle elementor-section-boxed elementor-section-height-default elementor-section-height-default\" data-id=\"19ca0e4\" data-element_type=\"section\">\n\t\t\t\t\t\t<div class=\"elementor-container elementor-column-gap-default\">\n\t\t\t\t\t<div class=\"elementor-column elementor-col-25 elementor-inner-column elementor-element elementor-element-c59d332\" data-id=\"c59d332\" data-element_type=\"column\">\n\t\t\t<div class=\"elementor-widget-wrap elementor-element-populated\">\n\t\t\t\t\t\t\t\t<div class=\"elementor-element elementor-element-59ea530 elementor-widget elementor-widget-heading\" data-id=\"59ea530\" data-element_type=\"widget\" data-widget_type=\"heading.default\">\n\t\t\t\t<div class=\"elementor-widget-container\">\n\t\t\t<h2 class=\"elementor-heading-title elementor-size-default\">Categoria<\/h2>\t\t<\/div>\n\t\t\t\t<\/div>\n\t\t\t\t<div class=\"elementor-element elementor-element-45dbabb elementor-widget elementor-widget-heading\" data-id=\"45dbabb\" data-element_type=\"widget\" data-widget_type=\"heading.default\">\n\t\t\t\t<div class=\"elementor-widget-container\">\n\t\t\t<h2 class=\"elementor-heading-title elementor-size-default\">Diplomado<\/h2>\t\t<\/div>\n\t\t\t\t<\/div>\n\t\t\t\t\t<\/div>\n\t\t<\/div>\n\t\t\t\t<div class=\"elementor-column elementor-col-25 elementor-inner-column elementor-element elementor-element-2d53aa6\" data-id=\"2d53aa6\" data-element_type=\"column\">\n\t\t\t<div class=\"elementor-widget-wrap elementor-element-populated\">\n\t\t\t\t\t\t\t\t<div class=\"elementor-element elementor-element-69f67e0 elementor-widget elementor-widget-heading\" data-id=\"69f67e0\" data-element_type=\"widget\" data-widget_type=\"heading.default\">\n\t\t\t\t<div class=\"elementor-widget-container\">\n\t\t\t<h2 class=\"elementor-heading-title elementor-size-default\">Duraci\u00f3n<\/h2>\t\t<\/div>\n\t\t\t\t<\/div>\n\t\t\t\t<div class=\"elementor-element elementor-element-00a3648 elementor-widget elementor-widget-heading\" data-id=\"00a3648\" data-element_type=\"widget\" data-widget_type=\"heading.default\">\n\t\t\t\t<div class=\"elementor-widget-container\">\n\t\t\t<h2 class=\"elementor-heading-title elementor-size-default\">150+ Hrs<\/h2>\t\t<\/div>\n\t\t\t\t<\/div>\n\t\t\t\t\t<\/div>\n\t\t<\/div>\n\t\t\t\t<div class=\"elementor-column elementor-col-25 elementor-inner-column elementor-element elementor-element-a673d39\" data-id=\"a673d39\" data-element_type=\"column\">\n\t\t\t<div class=\"elementor-widget-wrap elementor-element-populated\">\n\t\t\t\t\t\t\t\t<div class=\"elementor-element elementor-element-ce7b24d elementor-widget elementor-widget-heading\" data-id=\"ce7b24d\" data-element_type=\"widget\" data-widget_type=\"heading.default\">\n\t\t\t\t<div class=\"elementor-widget-container\">\n\t\t\t<h2 class=\"elementor-heading-title elementor-size-default\">Modalidad<\/h2>\t\t<\/div>\n\t\t\t\t<\/div>\n\t\t\t\t<div class=\"elementor-element elementor-element-19b3c4e elementor-widget elementor-widget-heading\" data-id=\"19b3c4e\" data-element_type=\"widget\" data-widget_type=\"heading.default\">\n\t\t\t\t<div class=\"elementor-widget-container\">\n\t\t\t<h2 class=\"elementor-heading-title elementor-size-default\"> H\u00edbrido<\/h2>\t\t<\/div>\n\t\t\t\t<\/div>\n\t\t\t\t\t<\/div>\n\t\t<\/div>\n\t\t\t\t<div class=\"elementor-column elementor-col-25 elementor-inner-column elementor-element elementor-element-fe5c005\" data-id=\"fe5c005\" data-element_type=\"column\">\n\t\t\t<div class=\"elementor-widget-wrap elementor-element-populated\">\n\t\t\t\t\t\t\t\t<div class=\"elementor-element elementor-element-50f9256 elementor-widget elementor-widget-heading\" data-id=\"50f9256\" data-element_type=\"widget\" data-widget_type=\"heading.default\">\n\t\t\t\t<div class=\"elementor-widget-container\">\n\t\t\t<h2 class=\"elementor-heading-title elementor-size-default\">M\u00e1s informaciones<\/h2>\t\t<\/div>\n\t\t\t\t<\/div>\n\t\t\t\t<div class=\"elementor-element elementor-element-7f6151a elementor-widget elementor-widget-heading\" data-id=\"7f6151a\" data-element_type=\"widget\" data-widget_type=\"heading.default\">\n\t\t\t\t<div class=\"elementor-widget-container\">\n\t\t\t<h2 class=\"elementor-heading-title elementor-size-default\">Disponible versi\u00f3n in-house empresas<\/h2>\t\t<\/div>\n\t\t\t\t<\/div>\n\t\t\t\t\t<\/div>\n\t\t<\/div>\n\t\t\t\t\t\t\t<\/div>\n\t\t<\/section>\n\t\t\t\t<section class=\"elementor-section elementor-inner-section elementor-element elementor-element-7f4cb92d elementor-section-content-middle elementor-section-boxed elementor-section-height-default elementor-section-height-default\" data-id=\"7f4cb92d\" data-element_type=\"section\">\n\t\t\t\t\t\t<div class=\"elementor-container elementor-column-gap-default\">\n\t\t\t\t\t<div class=\"elementor-column elementor-col-100 elementor-inner-column elementor-element elementor-element-2d403b1f\" data-id=\"2d403b1f\" data-element_type=\"column\">\n\t\t\t<div class=\"elementor-widget-wrap elementor-element-populated\">\n\t\t\t\t\t\t\t\t<div class=\"elementor-element elementor-element-5df87f84 elementor-widget elementor-widget-text-editor\" data-id=\"5df87f84\" data-element_type=\"widget\" data-widget_type=\"text-editor.default\">\n\t\t\t\t<div class=\"elementor-widget-container\">\n\t\t\t<style>\/*! elementor - v3.14.0 - 26-06-2023 *\/\n.elementor-widget-text-editor.elementor-drop-cap-view-stacked .elementor-drop-cap{background-color:#69727d;color:#fff}.elementor-widget-text-editor.elementor-drop-cap-view-framed .elementor-drop-cap{color:#69727d;border:3px solid;background-color:transparent}.elementor-widget-text-editor:not(.elementor-drop-cap-view-default) .elementor-drop-cap{margin-top:8px}.elementor-widget-text-editor:not(.elementor-drop-cap-view-default) .elementor-drop-cap-letter{width:1em;height:1em}.elementor-widget-text-editor .elementor-drop-cap{float:left;text-align:center;line-height:1;font-size:50px}.elementor-widget-text-editor .elementor-drop-cap-letter{display:inline-block}<\/style>\t\t\t\t<p><span style=\"font-weight: 400;\">Liderazgo Co-Inspirativo es un viaje de entendimiento e inspiraci\u00f3n que te permitir\u00e1 realizar <\/span><b>preguntas transformadoras en el desempe\u00f1o de tu papel profesional.<\/b><span style=\"font-weight: 400;\"> Es la oportunidad de experimentar una comprensi\u00f3n que ampl\u00eda la conciencia sobre c\u00f3mo vivir y enfrentar los procesos organizacionales desde una visi\u00f3n colaborativa y co-inspirativa. Es una invitaci\u00f3n para <\/span><b>avanzar hacia la transformaci\u00f3n de la convivencia organizacional que hoy necesitamos.<\/b><\/p><p><span style=\"font-weight: 400;\">En s\u00edntesis, este programa<\/span><b> se orienta hacia el aprendizaje, ampliaci\u00f3n y profundizaci\u00f3n de las habilidades relacionales <\/b><span style=\"font-weight: 400;\">que potencian la colaboraci\u00f3n, el trabajo en equipo y una manera co-inspirativa de liderar equipos y organizaciones.<\/span><\/p><p><b>\u00bfQu\u00e9 podr\u00e1s obtener al finalizar este curso?<\/b><\/p><ul><li style=\"font-weight: 400;\" aria-level=\"1\"><span style=\"font-weight: 400;\">Darnos cuenta y hacernos cargo sobre c\u00f3mo nuestra naturaleza humana impacta en el quehacer organizacional.<\/span><\/li><li style=\"font-weight: 400;\" aria-level=\"1\"><span style=\"font-weight: 400;\">Una comprensi\u00f3n sist\u00e9mica acerca de c\u00f3mo la colaboraci\u00f3n, confianza y compromiso se unen en la construcci\u00f3n de equipos auto-gestionados y eficientes.<\/span><\/li><li style=\"font-weight: 400;\" aria-level=\"1\"><span style=\"font-weight: 400;\">Generar nuevos espacios laborales desde la escucha mutua y la colaboraci\u00f3n.<\/span><\/li><li style=\"font-weight: 400;\" aria-level=\"1\"><span style=\"font-weight: 400;\">Una mayor profundidad en el desarrollo de tus habilidades relacionales en la empresa.<\/span><\/li><li style=\"font-weight: 400;\" aria-level=\"1\"><span style=\"font-weight: 400;\">Herramientas para que puedas conducir conversaciones para la generaci\u00f3n de acuerdos de forma m\u00e1s eficiente con tu equipo.<\/span><\/li><li style=\"font-weight: 400;\" aria-level=\"1\"><span style=\"font-weight: 400;\">Experiencias de conversaciones y acciones que buscan nuevas maneras de hacer organizaci\u00f3n, que luego podr\u00e1s implementar en tu \u00e1mbito profesional.<\/span><\/li><li style=\"font-weight: 400;\" aria-level=\"1\"><span style=\"font-weight: 400;\">Gu\u00edas y pr\u00e1cticas que te permitir\u00e1n abrir conversaciones transformadoras en distintos \u00e1mbitos de tu convivencia laboral.<\/span><\/li><\/ul><p><b>Recursos de este programa<\/b><\/p><ul><li style=\"font-weight: 400;\" aria-level=\"1\"><b>19 Clases online en videos:<\/b><span style=\"font-weight: 400;\"> Facilitadas por el equipo de Matr\u00edztica, con material de apoyo y lectura para cada clase.Son el insumo clave para el proceso de aprendizaje y te permitir\u00e1 abrirte a nuevas miradas, entendimiento y reflexiones.<\/span><\/li><\/ul><ul><li style=\"font-weight: 400;\" aria-level=\"1\"><b>6 Seminarios<\/b><span style=\"font-weight: 400;\">: Conversatorios en vivo guiados por los facilitadores del programa. Son una experiencia de aprendizaje que da sentido, coherencia y significado al contenido, con un duraci\u00f3n de 90 minutos de duraci\u00f3n<\/span><\/li><\/ul><ul><li style=\"font-weight: 400;\" aria-level=\"1\"><b>5+ Workshops<\/b><span style=\"font-weight: 400;\">: 4 Sesiones pr\u00e1cticas guiadas por el Equipo Matr\u00edztica en que se analizan casos para ampliar el entendimiento sobre los contenidos ofrecidos en las clases y en los seminarios. M\u00e1s Workshop(s) de presentaci\u00f3n de trabajos finales<\/span><\/li><li style=\"font-weight: 400;\" aria-level=\"1\"><b>4 Sesiones de Mentor\u00eda: <\/b><span style=\"font-weight: 400;\">Conversaciones grupales de 90 minutos con un mentor que apoya ampliando el aprendizaje vivido en clases y seminarios.<\/span><\/li><\/ul><ul><li style=\"font-weight: 400;\" aria-level=\"1\"><b>Reuniones del Grupo de Aprendizaje: <\/b><span style=\"font-weight: 400;\">Encuentros autogestionados, semanales o quincenales en que los grupos comparten aprendizajes a partir de las reflexiones propuestas en las gu\u00edas colaborativas.<\/span><\/li><\/ul><ul><li style=\"font-weight: 400;\" aria-level=\"1\"><b>Desarrollo de 4 gu\u00edas colaborativas:<\/b><span style=\"font-weight: 400;\"> Gu\u00edas para el proceso de reflexiones en grupo de aprendizaje a partir de preguntas orientadoras, que deber\u00e1n ser entregadas a lo largo del programa.<\/span><\/li><li style=\"font-weight: 400;\" aria-level=\"1\"><b>Trabajo final colaborativo <\/b><span style=\"font-weight: 400;\">Este trabajo se desarrolla de modo asincr\u00f3nico y se presenta en workshop en la etapa final del proceso, en los espacios sincr\u00f3nicos a optar por los participantes en las fechas indicadas.<\/span><\/li><\/ul><ul><li style=\"font-weight: 400;\" aria-level=\"1\"><b>Bibliograf\u00eda:<\/b><span style=\"font-weight: 400;\"> Acceso a lecturas esenciales para el aprendizaje y la profundizaci\u00f3n en los contenidos.<\/span><\/li><\/ul>\t\t\t\t\t\t<\/div>\n\t\t\t\t<\/div>\n\t\t\t\t\t<\/div>\n\t\t<\/div>\n\t\t\t\t\t\t\t<\/div>\n\t\t<\/section>\n\t\t\t\t\t<\/div>\n\t\t<\/div>\n\t\t\t\t<div class=\"elementor-column elementor-col-50 elementor-top-column elementor-element elementor-element-7b7a8eb\" data-id=\"7b7a8eb\" data-element_type=\"column\">\n\t\t\t<div class=\"elementor-widget-wrap elementor-element-populated\">\n\t\t\t\t\t\t\t\t<section class=\"elementor-section elementor-inner-section elementor-element elementor-element-54f9b01a elementor-section-boxed elementor-section-height-default elementor-section-height-default\" data-id=\"54f9b01a\" data-element_type=\"section\">\n\t\t\t\t\t\t<div class=\"elementor-container elementor-column-gap-default\">\n\t\t\t\t\t<div class=\"elementor-column elementor-col-100 elementor-inner-column elementor-element elementor-element-2ff68d2c\" data-id=\"2ff68d2c\" data-element_type=\"column\">\n\t\t\t<div class=\"elementor-widget-wrap elementor-element-populated\">\n\t\t\t\t\t\t\t\t<div class=\"elementor-element elementor-element-60a3f6e5 elementor-widget elementor-widget-image\" data-id=\"60a3f6e5\" data-element_type=\"widget\" data-widget_type=\"image.default\">\n\t\t\t\t<div class=\"elementor-widget-container\">\n\t\t\t<style>\/*! elementor - v3.14.0 - 26-06-2023 *\/\n.elementor-widget-image{text-align:center}.elementor-widget-image a{display:inline-block}.elementor-widget-image a img[src$=\".svg\"]{width:48px}.elementor-widget-image img{vertical-align:middle;display:inline-block}<\/style>\t\t\t\t\t\t\t\t\t\t\t\t<img loading=\"lazy\" decoding=\"async\" width=\"540\" height=\"540\" src=\"https:\/\/matriztica.cl\/sabermas\/wp-content\/uploads\/2022\/12\/540-2.webp\" class=\"attachment-large size-large wp-image-490\" alt=\"\" srcset=\"https:\/\/matriztica.cl\/sabermas\/wp-content\/uploads\/2022\/12\/540-2.webp 540w, https:\/\/matriztica.cl\/sabermas\/wp-content\/uploads\/2022\/12\/540-2-300x300.webp 300w, https:\/\/matriztica.cl\/sabermas\/wp-content\/uploads\/2022\/12\/540-2-150x150.webp 150w\" sizes=\"auto, (max-width: 540px) 100vw, 540px\" \/>\t\t\t\t\t\t\t\t\t\t\t\t\t\t\t<\/div>\n\t\t\t\t<\/div>\n\t\t\t\t\t<\/div>\n\t\t<\/div>\n\t\t\t\t\t\t\t<\/div>\n\t\t<\/section>\n\t\t\t\t<section class=\"elementor-section elementor-inner-section elementor-element elementor-element-39fb3034 elementor-section-boxed elementor-section-height-default elementor-section-height-default\" data-id=\"39fb3034\" data-element_type=\"section\">\n\t\t\t\t\t\t<div class=\"elementor-container elementor-column-gap-default\">\n\t\t\t\t\t<div class=\"elementor-column elementor-col-100 elementor-inner-column elementor-element elementor-element-7c8d0dbb\" data-id=\"7c8d0dbb\" data-element_type=\"column\">\n\t\t\t<div class=\"elementor-widget-wrap elementor-element-populated\">\n\t\t\t\t\t\t\t\t<div class=\"elementor-element elementor-element-575d81f7 elementor-button-info elementor-align-justify elementor-widget elementor-widget-button\" data-id=\"575d81f7\" data-element_type=\"widget\" data-widget_type=\"button.default\">\n\t\t\t\t<div class=\"elementor-widget-container\">\n\t\t\t\t\t<div class=\"elementor-button-wrapper\">\n\t\t\t<a class=\"elementor-button elementor-button-link elementor-size-sm\" href=\"https:\/\/matriztica.jumpseller.com\/liderazgo-co-inspirativo\" target=\"_blank\">\n\t\t\t\t\t\t<span class=\"elementor-button-content-wrapper\">\n\t\t\t\t\t\t<span class=\"elementor-button-text\">Inscribirme en el curso<\/span>\n\t\t<\/span>\n\t\t\t\t\t<\/a>\n\t\t<\/div>\n\t\t\t\t<\/div>\n\t\t\t\t<\/div>\n\t\t\t\t\t<\/div>\n\t\t<\/div>\n\t\t\t\t\t\t\t<\/div>\n\t\t<\/section>\n\t\t\t\t\t<\/div>\n\t\t<\/div>\n\t\t\t\t\t\t\t<\/div>\n\t\t<\/section>\n\t\t\t\t\t\t\t<\/div>\n\t\t","protected":false},"excerpt":{"rendered":"<p>Liderazgo Co-inspirativo &#xE934;&#xE934;&#xE934;&#xE934;&#xE934; 5\/5 Categoria Diplomado Duraci\u00f3n 150+ Hrs Modalidad H\u00edbrido M\u00e1s informaciones Disponible versi\u00f3n in-house empresas Liderazgo Co-Inspirativo es un viaje de entendimiento e inspiraci\u00f3n que te permitir\u00e1 realizar preguntas transformadoras en el desempe\u00f1o de tu papel profesional. Es la oportunidad de experimentar una comprensi\u00f3n que ampl\u00eda la conciencia sobre c\u00f3mo vivir y enfrentar [&hellip;]<\/p>\n","protected":false},"author":1,"featured_media":0,"parent":0,"menu_order":0,"comment_status":"closed","ping_status":"closed","template":"elementor_header_footer","meta":{"footnotes":""},"class_list":["post-524","page","type-page","status-publish","hentry"],"_links":{"self":[{"href":"https:\/\/matriztica.cl\/sabermas\/wp-json\/wp\/v2\/pages\/524","targetHints":{"allow":["GET"]}}],"collection":[{"href":"https:\/\/matriztica.cl\/sabermas\/wp-json\/wp\/v2\/pages"}],"about":[{"href":"https:\/\/matriztica.cl\/sabermas\/wp-json\/wp\/v2\/types\/page"}],"author":[{"embeddable":true,"href":"https:\/\/matriztica.cl\/sabermas\/wp-json\/wp\/v2\/users\/1"}],"replies":[{"embeddable":true,"href":"https:\/\/matriztica.cl\/sabermas\/wp-json\/wp\/v2\/comments?post=524"}],"version-history":[{"count":28,"href":"https:\/\/matriztica.cl\/sabermas\/wp-json\/wp\/v2\/pages\/524\/revisions"}],"predecessor-version":[{"id":2241,"href":"https:\/\/matriztica.cl\/sabermas\/wp-json\/wp\/v2\/pages\/524\/revisions\/2241"}],"wp:attachment":[{"href":"https:\/\/matriztica.cl\/sabermas\/wp-json\/wp\/v2\/media?parent=524"}],"curies":[{"name":"wp","href":"https:\/\/api.w.org\/{rel}","templated":true}]}}