{"id":858,"date":"2022-12-28T12:25:54","date_gmt":"2022-12-28T12:25:54","guid":{"rendered":"https:\/\/matriztica.cl\/sabermas\/?page_id=858"},"modified":"2023-03-01T13:39:22","modified_gmt":"2023-03-01T13:39:22","slug":"diplomado-de-genero-diversidad-e-inclusion","status":"publish","type":"page","link":"https:\/\/matriztica.cl\/sabermas\/diplomado-de-genero-diversidad-e-inclusion\/","title":{"rendered":"Diplomado de G\u00e9nero , diversidad e inclusi\u00f3n"},"content":{"rendered":"\t\t<div data-elementor-type=\"wp-page\" data-elementor-id=\"858\" class=\"elementor elementor-858\">\n\t\t\t\t\t\t\t\t\t<section class=\"elementor-section elementor-top-section elementor-element elementor-element-4e9346aa elementor-section-height-min-height elementor-section-boxed elementor-section-height-default elementor-section-items-middle\" data-id=\"4e9346aa\" data-element_type=\"section\" data-settings=\"{&quot;background_background&quot;:&quot;classic&quot;}\">\n\t\t\t\t\t\t\t<div class=\"elementor-background-overlay\"><\/div>\n\t\t\t\t\t\t\t<div class=\"elementor-container elementor-column-gap-no\">\n\t\t\t\t\t<div class=\"elementor-column elementor-col-50 elementor-top-column elementor-element elementor-element-68fc12c7\" data-id=\"68fc12c7\" data-element_type=\"column\">\n\t\t\t<div class=\"elementor-widget-wrap elementor-element-populated\">\n\t\t\t\t\t\t\t\t<section class=\"elementor-section elementor-inner-section elementor-element elementor-element-6c7490a2 elementor-section-boxed elementor-section-height-default elementor-section-height-default\" data-id=\"6c7490a2\" data-element_type=\"section\">\n\t\t\t\t\t\t<div class=\"elementor-container elementor-column-gap-default\">\n\t\t\t\t\t<div class=\"elementor-column elementor-col-50 elementor-inner-column elementor-element elementor-element-611d8b85\" data-id=\"611d8b85\" data-element_type=\"column\">\n\t\t\t<div class=\"elementor-widget-wrap\">\n\t\t\t\t\t\t\t\t\t<\/div>\n\t\t<\/div>\n\t\t\t\t<div class=\"elementor-column elementor-col-50 elementor-inner-column elementor-element elementor-element-5c75edbf\" data-id=\"5c75edbf\" data-element_type=\"column\">\n\t\t\t<div class=\"elementor-widget-wrap elementor-element-populated\">\n\t\t\t\t\t\t\t\t<div class=\"elementor-element elementor-element-14f1f485 elementor-icon-list--layout-traditional elementor-list-item-link-full_width elementor-widget elementor-widget-icon-list\" data-id=\"14f1f485\" data-element_type=\"widget\" data-widget_type=\"icon-list.default\">\n\t\t\t\t<div class=\"elementor-widget-container\">\n\t\t\t<link rel=\"stylesheet\" href=\"https:\/\/matriztica.cl\/sabermas\/wp-content\/plugins\/elementor\/assets\/css\/widget-icon-list.min.css\">\t\t<ul class=\"elementor-icon-list-items\">\n\t\t\t\t\t\t\t<li class=\"elementor-icon-list-item\">\n\t\t\t\t\t\t\t\t\t\t\t<span class=\"elementor-icon-list-icon\">\n\t\t\t\t\t\t\t<i aria-hidden=\"true\" class=\"fas fa-minus\"><\/i>\t\t\t\t\t\t<\/span>\n\t\t\t\t\t\t\t\t\t\t<span class=\"elementor-icon-list-text\">Diplomado de G\u00e9nero, diversidad e inclusi\u00f3n<\/span>\n\t\t\t\t\t\t\t\t\t<\/li>\n\t\t\t\t\t\t<\/ul>\n\t\t\t\t<\/div>\n\t\t\t\t<\/div>\n\t\t\t\t\t<\/div>\n\t\t<\/div>\n\t\t\t\t\t\t\t<\/div>\n\t\t<\/section>\n\t\t\t\t\t<\/div>\n\t\t<\/div>\n\t\t\t\t<div class=\"elementor-column elementor-col-50 elementor-top-column elementor-element elementor-element-4399a250\" data-id=\"4399a250\" data-element_type=\"column\">\n\t\t\t<div class=\"elementor-widget-wrap\">\n\t\t\t\t\t\t\t\t\t<\/div>\n\t\t<\/div>\n\t\t\t\t\t\t\t<\/div>\n\t\t<\/section>\n\t\t\t\t<section class=\"elementor-section elementor-top-section elementor-element elementor-element-414b0291 elementor-section-boxed elementor-section-height-default elementor-section-height-default\" data-id=\"414b0291\" data-element_type=\"section\" data-settings=\"{&quot;background_background&quot;:&quot;classic&quot;}\">\n\t\t\t\t\t\t<div class=\"elementor-container elementor-column-gap-default\">\n\t\t\t\t\t<div class=\"elementor-column elementor-col-50 elementor-top-column elementor-element elementor-element-1bc6308c\" data-id=\"1bc6308c\" data-element_type=\"column\">\n\t\t\t<div class=\"elementor-widget-wrap elementor-element-populated\">\n\t\t\t\t\t\t\t\t<section class=\"elementor-section elementor-inner-section elementor-element elementor-element-61db635b elementor-section-content-middle elementor-section-boxed elementor-section-height-default elementor-section-height-default\" data-id=\"61db635b\" data-element_type=\"section\">\n\t\t\t\t\t\t<div class=\"elementor-container elementor-column-gap-default\">\n\t\t\t\t\t<div class=\"elementor-column elementor-col-100 elementor-inner-column elementor-element elementor-element-2917776e\" data-id=\"2917776e\" data-element_type=\"column\">\n\t\t\t<div class=\"elementor-widget-wrap elementor-element-populated\">\n\t\t\t\t\t\t\t\t<div class=\"elementor-element elementor-element-5a33321 elementor--star-style-star_fontawesome elementor-widget elementor-widget-star-rating\" data-id=\"5a33321\" data-element_type=\"widget\" data-widget_type=\"star-rating.default\">\n\t\t\t\t<div class=\"elementor-widget-container\">\n\t\t\t<style>\/*! elementor - v3.14.0 - 26-06-2023 *\/\n@charset \"UTF-8\";.elementor-star-rating{color:#ccd6df;font-family:eicons;display:inline-block}.elementor-star-rating i{display:inline-block;position:relative;font-style:normal;cursor:default}.elementor-star-rating i:before{content:\"\\e934\";display:block;font-size:inherit;font-family:inherit;position:absolute;overflow:hidden;color:#f0ad4e;top:0;left:0}.elementor-star-rating .elementor-star-empty:before{content:none}.elementor-star-rating .elementor-star-1:before{width:10%}.elementor-star-rating .elementor-star-2:before{width:20%}.elementor-star-rating .elementor-star-3:before{width:30%}.elementor-star-rating .elementor-star-4:before{width:40%}.elementor-star-rating .elementor-star-5:before{width:50%}.elementor-star-rating .elementor-star-6:before{width:60%}.elementor-star-rating .elementor-star-7:before{width:70%}.elementor-star-rating .elementor-star-8:before{width:80%}.elementor-star-rating .elementor-star-9:before{width:90%}.elementor-star-rating__wrapper{display:flex;align-items:center}.elementor-star-rating__title{margin-right:10px}.elementor-star-rating--align-right .elementor-star-rating__wrapper{text-align:right;justify-content:flex-end}.elementor-star-rating--align-left .elementor-star-rating__wrapper{text-align:left;justify-content:flex-start}.elementor-star-rating--align-center .elementor-star-rating__wrapper{text-align:center;justify-content:center}.elementor-star-rating--align-justify .elementor-star-rating__title{margin-right:auto}@media (max-width:1024px){.elementor-star-rating-tablet--align-right .elementor-star-rating__wrapper{text-align:right;justify-content:flex-end}.elementor-star-rating-tablet--align-left .elementor-star-rating__wrapper{text-align:left;justify-content:flex-start}.elementor-star-rating-tablet--align-center .elementor-star-rating__wrapper{text-align:center;justify-content:center}.elementor-star-rating-tablet--align-justify .elementor-star-rating__title{margin-right:auto}}@media (max-width:767px){.elementor-star-rating-mobile--align-right .elementor-star-rating__wrapper{text-align:right;justify-content:flex-end}.elementor-star-rating-mobile--align-left .elementor-star-rating__wrapper{text-align:left;justify-content:flex-start}.elementor-star-rating-mobile--align-center .elementor-star-rating__wrapper{text-align:center;justify-content:center}.elementor-star-rating-mobile--align-justify .elementor-star-rating__title{margin-right:auto}}.last-star{letter-spacing:0}.elementor--star-style-star_unicode .elementor-star-rating{font-family:Arial,Helvetica,sans-serif}.elementor--star-style-star_unicode .elementor-star-rating i:not(.elementor-star-empty):before{content:\"\u2605\"}<\/style>\n\t\t<div class=\"elementor-star-rating__wrapper\">\n\t\t\t\t\t\t<div class=\"elementor-star-rating\" title=\"5\/5\" itemtype=\"http:\/\/schema.org\/Rating\" itemscope=\"\" itemprop=\"reviewRating\"><i class=\"elementor-star-full\">&#xE934;<\/i><i class=\"elementor-star-full\">&#xE934;<\/i><i class=\"elementor-star-full\">&#xE934;<\/i><i class=\"elementor-star-full\">&#xE934;<\/i><i class=\"elementor-star-full\">&#xE934;<\/i> <span itemprop=\"ratingValue\" class=\"elementor-screen-only\">5\/5<\/span><\/div>\t\t<\/div>\n\t\t\t\t<\/div>\n\t\t\t\t<\/div>\n\t\t\t\t<div class=\"elementor-element elementor-element-49a4de34 elementor-widget elementor-widget-heading\" data-id=\"49a4de34\" data-element_type=\"widget\" data-widget_type=\"heading.default\">\n\t\t\t\t<div class=\"elementor-widget-container\">\n\t\t\t<style>\/*! elementor - v3.14.0 - 26-06-2023 *\/\n.elementor-heading-title{padding:0;margin:0;line-height:1}.elementor-widget-heading .elementor-heading-title[class*=elementor-size-]>a{color:inherit;font-size:inherit;line-height:inherit}.elementor-widget-heading .elementor-heading-title.elementor-size-small{font-size:15px}.elementor-widget-heading .elementor-heading-title.elementor-size-medium{font-size:19px}.elementor-widget-heading .elementor-heading-title.elementor-size-large{font-size:29px}.elementor-widget-heading .elementor-heading-title.elementor-size-xl{font-size:39px}.elementor-widget-heading .elementor-heading-title.elementor-size-xxl{font-size:59px}<\/style><h2 class=\"elementor-heading-title elementor-size-default\">Diplomado de G\u00e9nero , diversidad e inclusi\u00f3n<\/h2>\t\t<\/div>\n\t\t\t\t<\/div>\n\t\t\t\t\t<\/div>\n\t\t<\/div>\n\t\t\t\t\t\t\t<\/div>\n\t\t<\/section>\n\t\t\t\t<section class=\"elementor-section elementor-inner-section elementor-element elementor-element-1ef7fa7 elementor-section-content-middle elementor-section-boxed elementor-section-height-default elementor-section-height-default\" data-id=\"1ef7fa7\" data-element_type=\"section\">\n\t\t\t\t\t\t<div class=\"elementor-container elementor-column-gap-default\">\n\t\t\t\t\t<div class=\"elementor-column elementor-col-25 elementor-inner-column elementor-element elementor-element-edfccd0\" data-id=\"edfccd0\" data-element_type=\"column\">\n\t\t\t<div class=\"elementor-widget-wrap elementor-element-populated\">\n\t\t\t\t\t\t\t\t<div class=\"elementor-element elementor-element-2c55f7b elementor-widget elementor-widget-heading\" data-id=\"2c55f7b\" data-element_type=\"widget\" data-widget_type=\"heading.default\">\n\t\t\t\t<div class=\"elementor-widget-container\">\n\t\t\t<h2 class=\"elementor-heading-title elementor-size-default\">Categoria<\/h2>\t\t<\/div>\n\t\t\t\t<\/div>\n\t\t\t\t<div class=\"elementor-element elementor-element-b5fd00e elementor-widget elementor-widget-heading\" data-id=\"b5fd00e\" data-element_type=\"widget\" data-widget_type=\"heading.default\">\n\t\t\t\t<div class=\"elementor-widget-container\">\n\t\t\t<h2 class=\"elementor-heading-title elementor-size-default\">Diplomado<\/h2>\t\t<\/div>\n\t\t\t\t<\/div>\n\t\t\t\t\t<\/div>\n\t\t<\/div>\n\t\t\t\t<div class=\"elementor-column elementor-col-25 elementor-inner-column elementor-element elementor-element-5d46938\" data-id=\"5d46938\" data-element_type=\"column\">\n\t\t\t<div class=\"elementor-widget-wrap elementor-element-populated\">\n\t\t\t\t\t\t\t\t<div class=\"elementor-element elementor-element-6baccd0 elementor-widget elementor-widget-heading\" data-id=\"6baccd0\" data-element_type=\"widget\" data-widget_type=\"heading.default\">\n\t\t\t\t<div class=\"elementor-widget-container\">\n\t\t\t<h2 class=\"elementor-heading-title elementor-size-default\">Duraci\u00f3n<\/h2>\t\t<\/div>\n\t\t\t\t<\/div>\n\t\t\t\t<div class=\"elementor-element elementor-element-1464664 elementor-widget elementor-widget-heading\" data-id=\"1464664\" data-element_type=\"widget\" data-widget_type=\"heading.default\">\n\t\t\t\t<div class=\"elementor-widget-container\">\n\t\t\t<h2 class=\"elementor-heading-title elementor-size-default\">98+ Hrs<\/h2>\t\t<\/div>\n\t\t\t\t<\/div>\n\t\t\t\t\t<\/div>\n\t\t<\/div>\n\t\t\t\t<div class=\"elementor-column elementor-col-25 elementor-inner-column elementor-element elementor-element-c2ed397\" data-id=\"c2ed397\" data-element_type=\"column\">\n\t\t\t<div class=\"elementor-widget-wrap elementor-element-populated\">\n\t\t\t\t\t\t\t\t<div class=\"elementor-element elementor-element-34de8fc elementor-widget elementor-widget-heading\" data-id=\"34de8fc\" data-element_type=\"widget\" data-widget_type=\"heading.default\">\n\t\t\t\t<div class=\"elementor-widget-container\">\n\t\t\t<h2 class=\"elementor-heading-title elementor-size-default\">Modalidad<\/h2>\t\t<\/div>\n\t\t\t\t<\/div>\n\t\t\t\t<div class=\"elementor-element elementor-element-b231608 elementor-widget elementor-widget-heading\" data-id=\"b231608\" data-element_type=\"widget\" data-widget_type=\"heading.default\">\n\t\t\t\t<div class=\"elementor-widget-container\">\n\t\t\t<h2 class=\"elementor-heading-title elementor-size-default\"> H\u00edbrido<\/h2>\t\t<\/div>\n\t\t\t\t<\/div>\n\t\t\t\t\t<\/div>\n\t\t<\/div>\n\t\t\t\t<div class=\"elementor-column elementor-col-25 elementor-inner-column elementor-element elementor-element-2d6c935\" data-id=\"2d6c935\" data-element_type=\"column\">\n\t\t\t<div class=\"elementor-widget-wrap elementor-element-populated\">\n\t\t\t\t\t\t\t\t<div class=\"elementor-element elementor-element-f6ca62d elementor-widget elementor-widget-heading\" data-id=\"f6ca62d\" data-element_type=\"widget\" data-widget_type=\"heading.default\">\n\t\t\t\t<div class=\"elementor-widget-container\">\n\t\t\t<h2 class=\"elementor-heading-title elementor-size-default\">M\u00e1s informaciones<\/h2>\t\t<\/div>\n\t\t\t\t<\/div>\n\t\t\t\t<div class=\"elementor-element elementor-element-6dfceb6 elementor-widget elementor-widget-heading\" data-id=\"6dfceb6\" data-element_type=\"widget\" data-widget_type=\"heading.default\">\n\t\t\t\t<div class=\"elementor-widget-container\">\n\t\t\t<h2 class=\"elementor-heading-title elementor-size-default\">Disponible versi\u00f3n in-house empresas<\/h2>\t\t<\/div>\n\t\t\t\t<\/div>\n\t\t\t\t\t<\/div>\n\t\t<\/div>\n\t\t\t\t\t\t\t<\/div>\n\t\t<\/section>\n\t\t\t\t<section class=\"elementor-section elementor-inner-section elementor-element elementor-element-77169e42 elementor-section-content-middle elementor-section-boxed elementor-section-height-default elementor-section-height-default\" data-id=\"77169e42\" data-element_type=\"section\">\n\t\t\t\t\t\t<div class=\"elementor-container elementor-column-gap-default\">\n\t\t\t\t\t<div class=\"elementor-column elementor-col-100 elementor-inner-column elementor-element elementor-element-7f4dcad9\" data-id=\"7f4dcad9\" data-element_type=\"column\">\n\t\t\t<div class=\"elementor-widget-wrap elementor-element-populated\">\n\t\t\t\t\t\t\t\t<div class=\"elementor-element elementor-element-205e8d03 elementor-widget elementor-widget-text-editor\" data-id=\"205e8d03\" data-element_type=\"widget\" data-widget_type=\"text-editor.default\">\n\t\t\t\t<div class=\"elementor-widget-container\">\n\t\t\t<style>\/*! elementor - v3.14.0 - 26-06-2023 *\/\n.elementor-widget-text-editor.elementor-drop-cap-view-stacked .elementor-drop-cap{background-color:#69727d;color:#fff}.elementor-widget-text-editor.elementor-drop-cap-view-framed .elementor-drop-cap{color:#69727d;border:3px solid;background-color:transparent}.elementor-widget-text-editor:not(.elementor-drop-cap-view-default) .elementor-drop-cap{margin-top:8px}.elementor-widget-text-editor:not(.elementor-drop-cap-view-default) .elementor-drop-cap-letter{width:1em;height:1em}.elementor-widget-text-editor .elementor-drop-cap{float:left;text-align:center;line-height:1;font-size:50px}.elementor-widget-text-editor .elementor-drop-cap-letter{display:inline-block}<\/style>\t\t\t\t<p dir=\"ltr\"><strong>Acerca de este curso<\/strong><\/p><p dir=\"ltr\">Este diplomado gu\u00eda la mirada a la comprensi\u00f3n de c\u00f3mo llegamos a este presente cultural, donde necesitamos comprender e identificar la relevancia del g\u00e9nero en las causas y los impactos de las inequidades y desigualdades en distintos dominios del cotidiano vivir en cualquier comunidad.<\/p><p dir=\"ltr\">La transversalizaci\u00f3n del enfoque de g\u00e9nero responde a un proceso que no solo dise\u00f1a, implementa, chequea y eval\u00faa, sino que integra conocimientos y entendimientos por una parte, en todos los niveles y estructuras de una comunidad u organizaci\u00f3n, para que las acciones y programas consideren las preocupaciones y experiencias de hombres y mujeres en v\u00edas de profundas transformaciones, con una perspectiva de equidad e igualdad de derechos, para la generaci\u00f3n de espacios m\u00e1s amables, justos y sostenibles.<\/p><p dir=\"ltr\"><strong>\u00bfQu\u00e9 podr\u00e1s obtener al finalizar este diplomado?<\/strong><\/p><ul><li dir=\"ltr\"><p dir=\"ltr\">Entender el presente cultural y c\u00f3mo impulsar la transformaci\u00f3n social y laboral.<\/p><\/li><li dir=\"ltr\"><p dir=\"ltr\">Conocer y comprender el sentido de los principales conceptos relativos al g\u00e9nero y su relaci\u00f3n con las inequidades y desigualdades que generan dolor en los distintos espacios.<\/p><\/li><li dir=\"ltr\"><p dir=\"ltr\">Reconocer sesgos inconscientes para la transformaci\u00f3n individual y colectiva.<\/p><\/li><li dir=\"ltr\"><p dir=\"ltr\">Analizar las relaciones de g\u00e9nero al interior de las comunidades y organizaciones<\/p><\/li><li dir=\"ltr\"><p dir=\"ltr\">Contribuir a desarrollar espacios libres de violencia de g\u00e9nero.<\/p><\/li><li dir=\"ltr\"><p dir=\"ltr\">Reconocer el lenguaje inclusivo como un elemento que contribuye a la transformaci\u00f3n<\/p><\/li><li dir=\"ltr\"><p dir=\"ltr\">Aplicar el enfoque de g\u00e9nero a distintos proyectos o procesos a desarrollar.<\/p><\/li><li dir=\"ltr\"><p dir=\"ltr\">Entender c\u00f3mo comunicar con enfoque de g\u00e9nero.<\/p><\/li><li dir=\"ltr\"><p dir=\"ltr\">Sensibilizar y formar en perspectiva de g\u00e9nero<\/p><\/li><\/ul><p><strong>Recursos de este programa<\/strong><\/p><ul><li dir=\"ltr\"><p dir=\"ltr\"><strong>19 Clases online en video:<\/strong>\u00a0Contenido audiovisual grabado por\u00a0los facilitadores del programa, con material de apoyo y lectura para cada clase.Son el insumo clave para el proceso de aprendizaje y te permitir\u00e1 abrirte a nuevas miradas, entendimiento y reflexiones.<\/p><\/li><li dir=\"ltr\"><p dir=\"ltr\"><strong>4 Seminarios:\u00a0<\/strong>Espacio guiado por los facilitadores del programa con una duraci\u00f3n de 90 minutos, en que se expone el contenido de forma did\u00e1ctica para dar sentido, coherencia y significado a los aprendizajes.<\/p><\/li><li dir=\"ltr\"><p dir=\"ltr\"><strong>3 Conversatorios:\u00a0<\/strong>Conversaciones grupales guiado por los facilitadores para la generaci\u00f3n de reflexiones y aprendizajes compartidos.<\/p><\/li><li dir=\"ltr\"><p dir=\"ltr\"><strong>Desarrollo de 3\u00a0gu\u00edas colaborativas:<\/strong>\u00a0Gu\u00edas para el proceso de reflexiones en grupo de aprendizaje a partir de preguntas orientadoras, que deber\u00e1n ser entregadas a lo largo del programa.<\/p><\/li><li dir=\"ltr\"><p dir=\"ltr\"><strong>Trabajo Final Colaborativo:<\/strong>\u00a0Este trabajo se desarrolla de modo asincr\u00f3nico y se presenta en workshop en la etapa final del proceso, en los espacios sincr\u00f3nicos a optar por los participantes en las fechas indicadas.<\/p><\/li><li dir=\"ltr\"><p dir=\"ltr\"><strong>1 Workshop:<\/strong>\u00a0Sesiones de trabajo grupal guiado por los facilitadores para la generaci\u00f3n de reflexiones y aprendizajes compartidos.<\/p><\/li><\/ul><div><strong>Clases de este programa<\/strong><strong><br \/><\/strong>1. Eras ps\u00edquicas de la humanidad<br \/>2. Culturas Patriarcales<br \/>3. Conversaciones patriarcales<br \/>4. Concepto Patriarcado: Patriarcado como sistema pol\u00edtico<br \/>5. Feminismo: Primer Ola<br \/>6. Segunda Ola<br \/>7. Tercera Ola<br \/>8. Cuarta Ola<br \/>9. Bonus track: 8M Chile<br \/>10. Nociones b\u00e1sicas de G\u00e9nero<br \/>11. Identidades y diversidades<br \/>12. Masculinidades<br \/>13. Violencia de g\u00e9nero<br \/>14. Sesgos inconscientes<br \/>15. ODS y DDHH: Igualdad y equidad de G\u00e9nero<br \/>16. Transversalizaci\u00f3n<br \/>17. Conciliaci\u00f3n de vida personal, familiar y laboral<\/div><div>18. Liderazgo Femenino: sensibilidad de g\u00e9nero<\/div><p>19. Liderazgo que co-inspira m\u00e1s all\u00e1 de las diferencias<\/p>\t\t\t\t\t\t<\/div>\n\t\t\t\t<\/div>\n\t\t\t\t\t<\/div>\n\t\t<\/div>\n\t\t\t\t\t\t\t<\/div>\n\t\t<\/section>\n\t\t\t\t\t<\/div>\n\t\t<\/div>\n\t\t\t\t<div class=\"elementor-column elementor-col-50 elementor-top-column elementor-element elementor-element-1976a982\" data-id=\"1976a982\" data-element_type=\"column\">\n\t\t\t<div class=\"elementor-widget-wrap elementor-element-populated\">\n\t\t\t\t\t\t\t\t<section class=\"elementor-section elementor-inner-section elementor-element elementor-element-4aa9a1a3 elementor-section-boxed elementor-section-height-default elementor-section-height-default\" data-id=\"4aa9a1a3\" data-element_type=\"section\">\n\t\t\t\t\t\t<div class=\"elementor-container elementor-column-gap-default\">\n\t\t\t\t\t<div class=\"elementor-column elementor-col-100 elementor-inner-column elementor-element elementor-element-3452b1e1\" data-id=\"3452b1e1\" data-element_type=\"column\">\n\t\t\t<div class=\"elementor-widget-wrap elementor-element-populated\">\n\t\t\t\t\t\t\t\t<div class=\"elementor-element elementor-element-57b600ee elementor-widget elementor-widget-image\" data-id=\"57b600ee\" data-element_type=\"widget\" data-widget_type=\"image.default\">\n\t\t\t\t<div class=\"elementor-widget-container\">\n\t\t\t<style>\/*! elementor - v3.14.0 - 26-06-2023 *\/\n.elementor-widget-image{text-align:center}.elementor-widget-image a{display:inline-block}.elementor-widget-image a img[src$=\".svg\"]{width:48px}.elementor-widget-image img{vertical-align:middle;display:inline-block}<\/style>\t\t\t\t\t\t\t\t\t\t\t\t<img loading=\"lazy\" decoding=\"async\" width=\"540\" height=\"540\" src=\"https:\/\/matriztica.cl\/sabermas\/wp-content\/uploads\/2022\/12\/540-5.webp\" class=\"attachment-large size-large wp-image-860\" alt=\"\" srcset=\"https:\/\/matriztica.cl\/sabermas\/wp-content\/uploads\/2022\/12\/540-5.webp 540w, https:\/\/matriztica.cl\/sabermas\/wp-content\/uploads\/2022\/12\/540-5-300x300.webp 300w, https:\/\/matriztica.cl\/sabermas\/wp-content\/uploads\/2022\/12\/540-5-150x150.webp 150w\" sizes=\"auto, (max-width: 540px) 100vw, 540px\" \/>\t\t\t\t\t\t\t\t\t\t\t\t\t\t\t<\/div>\n\t\t\t\t<\/div>\n\t\t\t\t\t<\/div>\n\t\t<\/div>\n\t\t\t\t\t\t\t<\/div>\n\t\t<\/section>\n\t\t\t\t<section class=\"elementor-section elementor-inner-section elementor-element elementor-element-5557284b elementor-section-boxed elementor-section-height-default elementor-section-height-default\" data-id=\"5557284b\" data-element_type=\"section\">\n\t\t\t\t\t\t<div class=\"elementor-container elementor-column-gap-default\">\n\t\t\t\t\t<div class=\"elementor-column elementor-col-100 elementor-inner-column elementor-element elementor-element-63afa115\" data-id=\"63afa115\" data-element_type=\"column\">\n\t\t\t<div class=\"elementor-widget-wrap elementor-element-populated\">\n\t\t\t\t\t\t\t\t<div class=\"elementor-element elementor-element-4322f3bd elementor-button-info elementor-align-justify elementor-widget elementor-widget-button\" data-id=\"4322f3bd\" data-element_type=\"widget\" data-widget_type=\"button.default\">\n\t\t\t\t<div class=\"elementor-widget-container\">\n\t\t\t\t\t<div class=\"elementor-button-wrapper\">\n\t\t\t<a class=\"elementor-button elementor-button-link elementor-size-sm\" href=\"https:\/\/matriztica.jumpseller.com\/transformacion-personal\" target=\"_blank\">\n\t\t\t\t\t\t<span class=\"elementor-button-content-wrapper\">\n\t\t\t\t\t\t<span class=\"elementor-button-text\">Inscribirme en el curso<\/span>\n\t\t<\/span>\n\t\t\t\t\t<\/a>\n\t\t<\/div>\n\t\t\t\t<\/div>\n\t\t\t\t<\/div>\n\t\t\t\t\t<\/div>\n\t\t<\/div>\n\t\t\t\t\t\t\t<\/div>\n\t\t<\/section>\n\t\t\t\t\t<\/div>\n\t\t<\/div>\n\t\t\t\t\t\t\t<\/div>\n\t\t<\/section>\n\t\t\t\t\t\t\t<\/div>\n\t\t","protected":false},"excerpt":{"rendered":"<p>Diplomado de G\u00e9nero, diversidad e inclusi\u00f3n &#xE934;&#xE934;&#xE934;&#xE934;&#xE934; 5\/5 Categoria Diplomado Duraci\u00f3n 98+ Hrs Modalidad H\u00edbrido M\u00e1s informaciones Disponible versi\u00f3n in-house empresas Acerca de este curso Este diplomado gu\u00eda la mirada a la comprensi\u00f3n de c\u00f3mo llegamos a este presente cultural, donde necesitamos comprender e identificar la relevancia del g\u00e9nero en las causas y los impactos [&hellip;]<\/p>\n","protected":false},"author":1,"featured_media":1981,"parent":0,"menu_order":0,"comment_status":"closed","ping_status":"closed","template":"elementor_header_footer","meta":{"footnotes":""},"class_list":["post-858","page","type-page","status-publish","has-post-thumbnail","hentry"],"_links":{"self":[{"href":"https:\/\/matriztica.cl\/sabermas\/wp-json\/wp\/v2\/pages\/858","targetHints":{"allow":["GET"]}}],"collection":[{"href":"https:\/\/matriztica.cl\/sabermas\/wp-json\/wp\/v2\/pages"}],"about":[{"href":"https:\/\/matriztica.cl\/sabermas\/wp-json\/wp\/v2\/types\/page"}],"author":[{"embeddable":true,"href":"https:\/\/matriztica.cl\/sabermas\/wp-json\/wp\/v2\/users\/1"}],"replies":[{"embeddable":true,"href":"https:\/\/matriztica.cl\/sabermas\/wp-json\/wp\/v2\/comments?post=858"}],"version-history":[{"count":40,"href":"https:\/\/matriztica.cl\/sabermas\/wp-json\/wp\/v2\/pages\/858\/revisions"}],"predecessor-version":[{"id":2261,"href":"https:\/\/matriztica.cl\/sabermas\/wp-json\/wp\/v2\/pages\/858\/revisions\/2261"}],"wp:featuredmedia":[{"embeddable":true,"href":"https:\/\/matriztica.cl\/sabermas\/wp-json\/wp\/v2\/media\/1981"}],"wp:attachment":[{"href":"https:\/\/matriztica.cl\/sabermas\/wp-json\/wp\/v2\/media?parent=858"}],"curies":[{"name":"wp","href":"https:\/\/api.w.org\/{rel}","templated":true}]}}